{"id":6620,"date":"2015-12-30T15:41:20","date_gmt":"2015-12-30T15:41:20","guid":{"rendered":"http:\/\/themenectar.com\/demo\/salient-corporate\/?page_id=25"},"modified":"2025-07-31T03:48:09","modified_gmt":"2025-07-31T03:48:09","slug":"contact-us","status":"publish","type":"page","link":"https:\/\/sourcerapid.com\/fr\/contact-us\/","title":{"rendered":"Contactez-nous"},"content":{"rendered":"<div id=\"fws_69fc7b8a94aa6\"  data-column-margin=\"default\" data-midnight=\"dark\" data-top-percent=\"6%\" data-bottom-percent=\"2%\"  class=\"wpb_row vc_row-fluid vc_row full-width-content vc_row-o-equal-height vc_row-flex vc_row-o-content-top  right_padding_8pct left_padding_8pct\"  style=\"padding-top: calc(100vw * 0.06); padding-bottom: calc(100vw * 0.02); \"><div class=\"row-bg-wrap\" data-bg-animation=\"none\" data-bg-animation-delay=\"\" data-bg-overlay=\"false\"><div class=\"inner-wrap row-bg-layer\" ><div class=\"row-bg viewport-desktop using-bg-color\"  style=\"background-color: #f7f7f7; \"><\/div><\/div><\/div><div class=\"row_col_wrap_12 col span_12 dark left\">\n\t<div  class=\"vc_col-sm-12 wpb_column column_container vc_column_container col padding-1-percent inherit_tablet inherit_phone\"  data-padding-pos=\"all\" data-has-bg-color=\"false\" data-bg-color=\"\" data-bg-opacity=\"1\" data-animation=\"\" data-delay=\"0\" >\n\t\t<div class=\"vc_column-inner\" >\n\t\t\t<div class=\"wpb_wrapper\">\n\t\t\t\t<div id=\"fws_69fc7b8a94c7a\" data-midnight=\"\" data-column-margin=\"default\" class=\"wpb_row vc_row-fluid vc_row inner_row\"  style=\"\"><div class=\"row-bg-wrap\"> <div class=\"row-bg\" ><\/div> <\/div><div class=\"row_col_wrap_12_inner col span_12  left\">\n\t<div  class=\"vc_col-sm-6 wpb_column column_container vc_column_container col child_column padding-1-percent inherit_tablet inherit_phone\"   data-padding-pos=\"all\" data-has-bg-color=\"false\" data-bg-color=\"\" data-bg-opacity=\"1\" data-animation=\"\" data-delay=\"0\" >\n\t\t<div class=\"vc_column-inner\" >\n\t\t<div class=\"wpb_wrapper\">\n\t\t\t<div class=\"nectar-fancy-box using-img\" data-style=\"default\" data-animation=\"\" data-hover-o=\"default\" data-border-radius=\"default\" data-border=\"\" data-box-color-opacity=\"1\" data-delay=\"\" data-alignment=\"left\" data-color=\"accent-color\" ><div class=\"box-bg\" role=\"presentation\"  style=\"background-image: url('https:\/\/sourcerapid.com\/wp-content\/uploads\/2025\/07\/IMG_0153.jpg'); \"><\/div> <div class=\"inner\" style=\"min-height: 100px\">\n<h3>Bamako, Mali<\/h3>\n<p>Rue 321 Ord 200 N\u2019Golonina,<br \/>\nPr\u00e8s T4131, 91096, Bamako, Mali<br \/>\nexport@sourcerapid.com<\/div> <div class=\"link-text\">Get Directions<span class=\"arrow\"><\/span><\/div> <a target=\"_blank\" href=\"https:\/\/www.google.com\/maps\/dir\/\/Pr%C3%A8s+T4131,+Rue+321,+Ord+200+N&#039;Golonina,+Av.+de+l&#039;Artois,+Bamako,+Mali\/@12.6377266,-8.067287,12z\/data=!4m8!4m7!1m0!1m5!1m1!1s0xe51cdb90c5cafb7:0x59adb29d1d500e69!2m2!1d-7.9848851!2d12.6377392?entry=ttu&amp;g_ep=EgoyMDI1MDcwNi4wIKXMDSoASAFQAw%3D%3D\" class=\"box-link\"><\/a> <\/div>\n\t\t<\/div> \n\t<\/div>\n\t<\/div> \n\n\t<div  class=\"vc_col-sm-6 wpb_column column_container vc_column_container col child_column padding-1-percent inherit_tablet inherit_phone\"   data-padding-pos=\"all\" data-has-bg-color=\"false\" data-bg-color=\"\" data-bg-opacity=\"1\" data-animation=\"\" data-delay=\"0\" >\n\t\t<div class=\"vc_column-inner\" >\n\t\t<div class=\"wpb_wrapper\">\n\t\t\t<div class=\"nectar-fancy-box using-img\" data-style=\"default\" data-animation=\"\" data-hover-o=\"default\" data-border-radius=\"default\" data-border=\"\" data-box-color-opacity=\"1\" data-delay=\"\" data-alignment=\"left\" data-color=\"accent-color\" ><div class=\"box-bg\" role=\"presentation\"  style=\"background-image: url('https:\/\/sourcerapid.com\/wp-content\/uploads\/2025\/07\/dakar-senegal-africa-december-03-600nw-2396244087.jpg.webp'); \"><\/div> <div class=\"inner\" style=\"min-height: 100px\">\n<h3>Dakar, Senegal<\/h3>\n<p>Medina, Rue 27 x Blaise Diagne,<br \/>\n10500, Dakar,\u00a0 Senegal<br \/>\nexport@sourcerapid.com<\/div> <div class=\"link-text\">Get Directions<span class=\"arrow\"><\/span><\/div> <a target=\"_blank\" href=\"https:\/\/www.google.com\/maps\" class=\"box-link\"><\/a> <\/div>\n\t\t<\/div> \n\t<\/div>\n\t<\/div> \n<\/div><\/div>\n\t\t\t<\/div> \n\t\t<\/div>\n\t<\/div> \n<\/div><\/div>\n\t\t<div id=\"fws_69fc7b8a95738\"  data-column-margin=\"default\" data-midnight=\"dark\" data-top-percent=\"6%\" data-bottom-percent=\"6%\"  class=\"wpb_row vc_row-fluid vc_row full-width-section\"  style=\"padding-top: calc(100vw * 0.06); padding-bottom: calc(100vw * 0.06); \"><div class=\"row-bg-wrap\" data-bg-animation=\"none\" data-bg-animation-delay=\"\" data-bg-overlay=\"false\"><div class=\"inner-wrap row-bg-layer\" ><div class=\"row-bg viewport-desktop using-bg-color\"  style=\"background-color: #ffffff; \"><\/div><\/div><\/div><div class=\"row_col_wrap_12 col span_12 dark left\">\n\t<div  class=\"vc_col-sm-12 wpb_column column_container vc_column_container col no-extra-padding inherit_tablet inherit_phone\"  data-padding-pos=\"all\" data-has-bg-color=\"false\" data-bg-color=\"\" data-bg-opacity=\"1\" data-animation=\"\" data-delay=\"0\" >\n\t\t<div class=\"vc_column-inner\" >\n\t\t\t<div class=\"wpb_wrapper\">\n\t\t\t\t<div id=\"fws_69fc7b8a95876\" data-midnight=\"\" data-column-margin=\"default\" class=\"wpb_row vc_row-fluid vc_row inner_row\"  style=\"padding-bottom: 15px; \"><div class=\"row-bg-wrap\"> <div class=\"row-bg\" ><\/div> <\/div><div class=\"row_col_wrap_12_inner col span_12  left\">\n\t<div  class=\"vc_col-sm-4 wpb_column column_container vc_column_container col child_column no-extra-padding inherit_tablet inherit_phone\"   data-padding-pos=\"all\" data-has-bg-color=\"false\" data-bg-color=\"\" data-bg-opacity=\"1\" data-animation=\"\" data-delay=\"0\" >\n\t\t<div class=\"vc_column-inner\" >\n\t\t<div class=\"wpb_wrapper\">\n\t\t\t\n<div class=\"wpb_text_column wpb_content_element  text_direction_ltr\" >\n\t<div class=\"wpb_wrapper\">\n\t\t<div id=\"ohio-custom-686dc7439277d\" class=\"ohio-text-sc\">\n<p><strong>Contactez-nous<\/strong><\/p>\n<p>Bonjour, comment pouvons-nous vous aider ?<\/p>\n<\/div>\n<div id=\"ohio-custom-686dc743927c5\" class=\"ohio-text-sc\">\n<p>Nous sommes l\u00e0 pour vous aider ! Si vous avez des questions concernant notre boutique ou nos produits, n'h\u00e9sitez pas \u00e0 nous contacter. Pour les questions courantes, vous pouvez \u00e9galement consulter notre\u00a0<strong>FAQ Achats.<\/strong>Pour nous contacter, il vous suffit de remplir le formulaire ci-dessous. Notre \u00e9quipe d'assistance parle couramment le fran\u00e7ais et l'anglais, et nous r\u00e9pondons g\u00e9n\u00e9ralement dans les 24 heures.<\/p>\n<\/div>\n\t<\/div>\n<\/div>\n\n\n\n\n<div class=\"wpb_text_column wpb_content_element\" >\n\t<div class=\"wpb_wrapper\">\n\t\t<p>Demandes d'emploi\u00a0 \u00a0 \u00a0 \u00a0 \u00a0 \u00a0 \u00a0 \u00a0 \u00a0 \u00a0 \u00a0 \u00a0 \u00a0 \u00a0 \u00a0 \u00a0 \u00a0Heure d'assistance :<br \/>\n<strong>+971 54 22 183 67<\/strong>\u00a0 \u00a0 \u00a0 \u00a0 \u00a0 \u00a0 \u00a0 \u00a0 \u00a0 \u00a0 \u00a0 \u00a0 \u00a0 <strong>Du Lun au Ven<\/strong><br \/>\n<strong>+223 78 00 00 15\u00a0 \u00a0<\/strong>\u00a0 \u00a0 \u00a0 \u00a0 \u00a0 \u00a0 \u00a0 \u00a0 \u00a0 \u00a0 \u00a0 \u00a0 \u00a0<strong>8h \u00e0 18h GMT<br \/>\n+221 77 187 68 08<br \/>\n<\/strong><\/p>\n\t<\/div>\n<\/div>\n\n\n\n<div class=\"nectar-social hover\" data-position=\"left\" data-color-override=\"override\"><span class=\"share-btn\"> <i class=\"icon-default-style steadysets-icon-share\"><\/i> Share<\/span><div class=\"nectar-social-inner\"><a class='facebook-share nectar-sharing' href='#' title='Share this'>  <i class='fa fa-facebook'><\/i> <span class='social-text'>Share<\/span> <\/a><a class='linkedin-share nectar-sharing' href='#' title='Share this'> <i class='fa fa-linkedin'><\/i> <span class='social-text'>Share<\/span> <\/a><\/div><\/div>\n\t\t<\/div> \n\t<\/div>\n\t<\/div> \n\n\t<div  class=\"vc_col-sm-8 wpb_column column_container vc_column_container col child_column no-extra-padding inherit_tablet inherit_phone\"   data-padding-pos=\"all\" data-has-bg-color=\"false\" data-bg-color=\"\" data-bg-opacity=\"1\" data-animation=\"\" data-delay=\"0\" >\n\t\t<div class=\"vc_column-inner\" >\n\t\t<div class=\"wpb_wrapper\">\n\t\t\t\n<div class=\"wpb_text_column wpb_content_element\" >\n\t<div class=\"wpb_wrapper\">\n\t\t<div class=\"forminator-ui forminator-custom-form forminator-custom-form-6812 forminator-design--flat  forminator_ajax\" data-forminator-render=\"0\" data-form=\"forminator-module-6812\" data-uid=\"69fc7b8a95c38\"><br\/><\/div><form\n\t\t\t\tid=\"forminator-module-6812\"\n\t\t\t\tclass=\"forminator-ui forminator-custom-form forminator-custom-form-6812 forminator-design--flat  forminator_ajax\"\n\t\t\t\tmethod=\"post\"\n\t\t\t\tdata-forminator-render=\"0\"\n\t\t\t\tdata-form-id=\"6812\"\n\t\t\t\tenctype=\"multipart\/form-data\" data-color-option=\"default\" data-design=\"flat\" data-grid=\"open\" style=\"display: none;\"\n\t\t\t\tdata-uid=\"69fc7b8a95c38\" action=\"\"\n\t\t\t><div role=\"alert\" aria-live=\"polite\" class=\"forminator-response-message forminator-error\" aria-hidden=\"true\"><\/div><div class=\"forminator-row\"><div id=\"name-1\" class=\"forminator-field-name forminator-col forminator-col-4\"><div class=\"forminator-field\"><label for=\"forminator-field-name-1_69fc7b8a95c38\" id=\"forminator-field-name-1_69fc7b8a95c38-label\" class=\"forminator-label\">Pr\u00e9nom <span class=\"forminator-required\">*<\/span><\/label><input type=\"text\" name=\"name-1\" value=\"\" placeholder=\"Votre nom\" id=\"forminator-field-name-1_69fc7b8a95c38\" class=\"forminator-input forminator-name--field\" aria-required=\"true\" autocomplete=\"name\" \/><\/div><\/div><div id=\"text-1\" class=\"forminator-field-text forminator-col forminator-col-4\"><div class=\"forminator-field\"><label for=\"forminator-field-text-1_69fc7b8a95c38\" id=\"forminator-field-text-1_69fc7b8a95c38-label\" class=\"forminator-label\">Entreprise<\/label><input type=\"text\" name=\"text-1\" value=\"\" placeholder=\"Nom de votre entreprise\" id=\"forminator-field-text-1_69fc7b8a95c38\" class=\"forminator-input forminator-name--field\" data-required=\"\" \/><\/div><\/div><div id=\"email-1\" class=\"forminator-field-email forminator-col forminator-col-4\"><div class=\"forminator-field\"><label for=\"forminator-field-email-1_69fc7b8a95c38\" id=\"forminator-field-email-1_69fc7b8a95c38-label\" class=\"forminator-label\">Adresse E-mail <span class=\"forminator-required\">*<\/span><\/label><input type=\"email\" name=\"email-1\" value=\"\" placeholder=\"Votre adresse e-mail professionnelle\" id=\"forminator-field-email-1_69fc7b8a95c38\" class=\"forminator-input forminator-email--field\" data-required=\"true\" aria-required=\"true\" autocomplete=\"email\" \/><\/div><\/div><\/div><div class=\"forminator-row\"><div id=\"phone-1\" class=\"forminator-field-phone forminator-col forminator-col-4\"><div class=\"forminator-field\"><label for=\"forminator-field-phone-1_69fc7b8a95c38\" id=\"forminator-field-phone-1_69fc7b8a95c38-label\" class=\"forminator-label\">Num\u00e9ro de t\u00e9l\u00e9phone <span class=\"forminator-required\">*<\/span><\/label><input type=\"text\" name=\"phone-1\" value=\"\" placeholder=\"Votre num\u00e9ro de t\u00e9l\u00e9phone actuel\" id=\"forminator-field-phone-1_69fc7b8a95c38\" class=\"forminator-input forminator-field--phone\" data-required=\"1\" aria-required=\"true\" autocomplete=\"off\" data-validation=\"1\" \/><\/div><\/div><div id=\"url-1\" class=\"forminator-field-url forminator-col forminator-col-4\"><div class=\"forminator-field\"><label for=\"forminator-field-url-1_69fc7b8a95c38\" id=\"forminator-field-url-1_69fc7b8a95c38-label\" class=\"forminator-label\">Site web<\/label><input type=\"url\" name=\"url-1\" value=\"\" placeholder=\"Le site web de votre entreprise\" id=\"forminator-field-url-1_69fc7b8a95c38\" class=\"forminator-input forminator-website--field\" data-required=\"\" aria-required=\"false\" \/><\/div><\/div><div id=\"select-1\" class=\"forminator-field-select forminator-col forminator-col-4\"><div class=\"forminator-field\"><label for=\"forminator-form-6812__field--select-1_69fc7b8a95c38\" id=\"forminator-form-6812__field--select-1_69fc7b8a95c38-label\" class=\"forminator-label\">Choisissez un budget (USD)<\/label><select multiple id=\"forminator-form-6812__field--select-1_69fc7b8a95c38\" class=\"forminator-select--field forminator-select2 forminator-select2-multiple\" data-required=\"\" name=\"select-1[]\" data-default-value=\"\" data-hidden-behavior=\"zero\" data-placeholder=\"\" data-search=\"false\" data-search-placeholder=\"Search\" data-checkbox=\"false\" data-allow-clear=\"true\" aria-labelledby=\"forminator-form-6812__field--select-1_69fc7b8a95c38-label\"><option value=\"one\"  data-calculation=\"0\">Less than $5000<\/option><option value=\"two\"  data-calculation=\"0\">$5000 - $10000<\/option><option value=\"Over-$10000\"  data-calculation=\"0\">$10000 - $20000<\/option><option value=\"Plese\"  data-calculation=\"0\">Over $20000<\/option><option value=\"Please\"  data-calculation=\"0\">Please advice<\/option><\/select><\/div><\/div><\/div><div class=\"forminator-row\"><div id=\"text-2\" class=\"forminator-field-text forminator-col forminator-col-6\"><div class=\"forminator-field\"><label for=\"forminator-field-text-2_69fc7b8a95c38\" id=\"forminator-field-text-2_69fc7b8a95c38-label\" class=\"forminator-label\">Objet<\/label><input type=\"text\" name=\"text-2\" value=\"\" placeholder=\"Choisissez un sujet\" id=\"forminator-field-text-2_69fc7b8a95c38\" class=\"forminator-input forminator-name--field\" data-required=\"\" \/><\/div><\/div><div id=\"upload-1\" class=\"forminator-field-upload forminator-col forminator-col-6\"><div class=\"forminator-field\"><label for=\"forminator-field-upload-1_69fc7b8a95c38\" id=\"forminator-field-upload-1_69fc7b8a95c38-label\" class=\"forminator-label\">T\u00e9l\u00e9charger le fichier<\/label><div class=\"forminator-file-upload\" data-element=\"upload-1_69fc7b8a95c38\"><input type=\"file\" name=\"upload-1\" id=\"forminator-field-upload-1_69fc7b8a95c38\" class=\"forminator-input-file\" accept=\".jpg,.jpeg,.jpe,.gif,.png,.bmp,.tiff,.tif,.webp,.avif,.ico,.heic,.heif,.heics,.heifs,.asf,.asx,.wmv,.wmx,.wm,.avi,.divx,.flv,.mov,.qt,.mpeg,.mpg,.mpe,.mp4,.m4v,.ogv,.webm,.mkv,.3gp,.3gpp,.3g2,.3gp2,.txt,.asc,.c,.cc,.h,.srt,.csv,.tsv,.ics,.rtx,.vtt,.mp3,.m4a,.m4b,.aac,.ra,.ram,.wav,.x-wav,.ogg,.oga,.flac,.mid,.midi,.wma,.wax,.mka,.rtf,.pdf,.class,.tar,.zip,.gz,.gzip,.7z,.psd,.xcf,.doc,.pot,.pps,.ppt,.wri,.xla,.xls,.xlt,.xlw,.mdb,.mpp,.docx,.docm,.dotx,.dotm,.xlsx,.xlsm,.xlsb,.xltx,.xltm,.xlam,.pptx,.pptm,.ppsx,.ppsm,.potx,.potm,.ppam,.sldx,.sldm,.onetoc,.onetoc2,.onetmp,.onepkg,.oxps,.xps,.odt,.odp,.ods,.odg,.odc,.odb,.odf,.wp,.wpd,.key,.numbers,.pages,.redux\" tabindex=\"-1\"><button id=\"forminator-field-upload-1_69fc7b8a95c38_button\" class=\"forminator-button forminator-button-upload\" data-id=\"forminator-field-upload-1_69fc7b8a95c38\">Choisissez un fichier<\/button><span data-empty-text=\"Aucun fichier s\u00e9lectionn\u00e9\">Aucun fichier s\u00e9lectionn\u00e9<\/span><button class=\"forminator-button-delete\" style=\"display: none;\"><i class=\"forminator-icon-close\" aria-hidden=\"true\"><\/i><span class=\"forminator-screen-reader-only\">Supprimer le fichier t\u00e9l\u00e9vers\u00e9<\/span><\/button><\/div><\/div><\/div><\/div><div class=\"forminator-row\"><div id=\"textarea-1\" class=\"forminator-field-textarea forminator-col forminator-col-12\"><div class=\"forminator-field\"><label for=\"forminator-field-textarea-1_69fc7b8a95c38\" id=\"forminator-field-textarea-1_69fc7b8a95c38-label\" class=\"forminator-label\">D\u00e9tails du projet<\/label><span id=\"forminator-field-textarea-1_69fc7b8a95c38-description\" class=\"forminator-description\"><span data-limit=\"180\" data-type=\"characters\" data-editor=\"\">0 \/ 180<\/span><\/span><textarea name=\"textarea-1\" placeholder=\"Br\u00e8ves informations sur le projet\" id=\"forminator-field-textarea-1_69fc7b8a95c38\" class=\"forminator-textarea\" rows=\"6\" style=\"--forminator-textarea-min-height:140px;\" maxlength=\"180\" ><\/textarea><\/div><\/div><\/div><input type=\"hidden\" name=\"referer_url\" value=\"\" \/><div class=\"forminator-row forminator-row-last\"><div class=\"forminator-col\"><div class=\"forminator-field\"><button class=\"forminator-button forminator-button-submit\">Demander Un Devis<\/button><\/div><\/div><\/div><input type=\"hidden\" id=\"forminator_nonce\" name=\"forminator_nonce\" value=\"aed73fe02e\" \/><input type=\"hidden\" name=\"_wp_http_referer\" value=\"\/fr\/wp-json\/wp\/v2\/pages\/6620\" \/><input type=\"hidden\" name=\"form_id\" value=\"6812\"><input type=\"hidden\" name=\"page_id\" value=\"6620\"><input type=\"hidden\" name=\"form_type\" value=\"default\"><input type=\"hidden\" name=\"current_url\" value=\"https:\/\/sourcerapid.com\/fr\/contact-us\/\"><input type=\"hidden\" name=\"render_id\" value=\"0\"><input type=\"hidden\" name=\"action\" value=\"forminator_submit_form_custom-forms\"><input type=\"hidden\" name=\"trp-form-language\" value=\"fr\"\/><\/form>\n\t<\/div>\n<\/div>\n\n\n\n\n\t\t<\/div> \n\t<\/div>\n\t<\/div> \n<\/div><\/div>\n\t\t\t<\/div> \n\t\t<\/div>\n\t<\/div> \n<\/div><\/div>\n\t\t<div id=\"fws_69fc7b8a97d50\"  data-column-margin=\"default\" data-midnight=\"dark\" data-top-percent=\"4%\" data-bottom-percent=\"10%\"  class=\"wpb_row vc_row-fluid vc_row full-width-section\"  style=\"padding-top: calc(100vw * 0.04); padding-bottom: calc(100vw * 0.10); \"><div class=\"row-bg-wrap\" data-bg-animation=\"none\" data-bg-animation-delay=\"\" data-bg-overlay=\"false\"><div class=\"inner-wrap row-bg-layer\" ><div class=\"row-bg viewport-desktop using-bg-color\"  style=\"background-color: #ffffff; \"><\/div><\/div><\/div><div class=\"row_col_wrap_12 col span_12 dark left\">\n\t<div  class=\"vc_col-sm-12 wpb_column column_container vc_column_container col has-animation no-extra-padding inherit_tablet inherit_phone\"  data-padding-pos=\"all\" data-has-bg-color=\"false\" data-bg-color=\"\" data-bg-opacity=\"1\" data-animation=\"fade-in-from-bottom\" data-delay=\"0\" >\n\t\t<div class=\"vc_column-inner\" >\n\t\t\t<div class=\"wpb_wrapper\">\n\t\t\t\t<div id=\"fws_69fc7b8a97ea3\" data-midnight=\"\" data-column-margin=\"default\" class=\"wpb_row vc_row-fluid vc_row inner_row\"  style=\"\"><div class=\"row-bg-wrap\"> <div class=\"row-bg\" ><\/div> <\/div><div class=\"row_col_wrap_12_inner col span_12  left\">\n\t<div  class=\"vc_col-sm-12 wpb_column column_container vc_column_container col child_column centered-text has-animation no-extra-padding inherit_tablet inherit_phone\"   data-padding-pos=\"all\" data-has-bg-color=\"false\" data-bg-color=\"\" data-bg-opacity=\"1\" data-animation=\"fade-in-from-bottom\" data-delay=\"0\" >\n\t\t<div class=\"vc_column-inner\" >\n\t\t<div class=\"wpb_wrapper\">\n\t\t\t\n<div class=\"wpb_text_column wpb_content_element  vc_custom_1486569314523\" >\n\t<div class=\"wpb_wrapper\">\n\t\t<h2>Opportunit\u00e9s de Carri\u00e8re<\/h2>\n\t<\/div>\n<\/div>\n\n\n\n\n\t\t<\/div> \n\t<\/div>\n\t<\/div> \n<\/div><\/div><div id=\"fws_69fc7b8a9805d\" data-midnight=\"\" data-column-margin=\"default\" class=\"wpb_row vc_row-fluid vc_row inner_row\"  style=\"padding-bottom: 80px; \"><div class=\"row-bg-wrap\"> <div class=\"row-bg\" ><\/div> <\/div><div class=\"row_col_wrap_12_inner col span_12  left\">\n\t<div  class=\"vc_col-sm-3 wpb_column column_container vc_column_container col child_column no-extra-padding inherit_tablet inherit_phone\"   data-padding-pos=\"all\" data-has-bg-color=\"false\" data-bg-color=\"\" data-bg-opacity=\"1\" data-animation=\"\" data-delay=\"0\" >\n\t\t<div class=\"vc_column-inner\" >\n\t\t<div class=\"wpb_wrapper\">\n\t\t\t\n\t\t<\/div> \n\t<\/div>\n\t<\/div> \n\n\t<div  class=\"vc_col-sm-6 wpb_column column_container vc_column_container col child_column has-animation no-extra-padding inherit_tablet inherit_phone\"   data-padding-pos=\"all\" data-has-bg-color=\"false\" data-bg-color=\"\" data-bg-opacity=\"1\" data-animation=\"fade-in-from-bottom\" data-delay=\"50\" >\n\t\t<div class=\"vc_column-inner\" >\n\t\t<div class=\"wpb_wrapper\">\n\t\t\t<p style=\"color: rgba(10,10,10,0.65);text-align: center\" class=\"vc_custom_heading vc_do_custom_heading\" >Nous mettons en relation les exportateurs asiatiques avec des importateurs et des partenaires africains de confiance, aidant ainsi les PME \u00e0 se d\u00e9velopper au-del\u00e0 des fronti\u00e8res. Nous construisons un pont plus intelligent et plus rapide entre les march\u00e9s gr\u00e2ce \u00e0 l'innovation et \u00e0 notre connaissance du terrain.<\/p>\n<p>Rejoignez une \u00e9quipe dynamique o\u00f9 votre travail a un impact r\u00e9el \u00e0 l'\u00e9chelle mondiale. Explorez les opportunit\u00e9s dans les domaines du d\u00e9veloppement commercial, des \u00e9tudes de march\u00e9 et du commerce international, et int\u00e9grez une entreprise qui fa\u00e7onne l'avenir du commerce transfrontalier.<\/p>\n\t\t<\/div> \n\t<\/div>\n\t<\/div> \n\n\t<div  class=\"vc_col-sm-3 wpb_column column_container vc_column_container col child_column no-extra-padding inherit_tablet inherit_phone\"   data-padding-pos=\"all\" data-has-bg-color=\"false\" data-bg-color=\"\" data-bg-opacity=\"1\" data-animation=\"\" data-delay=\"0\" >\n\t\t<div class=\"vc_column-inner\" >\n\t\t<div class=\"wpb_wrapper\">\n\t\t\t\n\t\t<\/div> \n\t<\/div>\n\t<\/div> \n<\/div><\/div><div id=\"fws_69fc7b8a98365\" data-midnight=\"\" data-column-margin=\"default\" class=\"wpb_row vc_row-fluid vc_row inner_row\"  style=\"\"><div class=\"row-bg-wrap\"> <div class=\"row-bg\" ><\/div> <\/div><div class=\"row_col_wrap_12_inner col span_12  left\">\n\t<div  class=\"vc_col-sm-12 wpb_column column_container vc_column_container col child_column has-animation no-extra-padding inherit_tablet inherit_phone\"   data-padding-pos=\"all\" data-has-bg-color=\"false\" data-bg-color=\"\" data-bg-opacity=\"1\" data-animation=\"fade-in-from-bottom\" data-delay=\"0\" >\n\t\t<div class=\"vc_column-inner\" >\n\t\t<div class=\"wpb_wrapper\">\n\t\t\t<div class=\"nectar-hor-list-item has-btn\" data-hover-effect=\"default\" data-br=\"0px\" data-font-family=\"h4\" data-color=\"accent-color\" data-columns=\"3\" data-column-layout=\"large_first\"><div class=\"nectar-list-item\" data-icon=\"false\" data-text-align=\"left\">Repr\u00e9sentant Commercial B2B<\/div><div class=\"nectar-list-item\" data-text-align=\"left\">In Bamako, Mali<\/div><div class=\"nectar-list-item\" data-text-align=\"right\"><a class=\"nectar-list-item-btn\" href=\"https:\/\/sourcerapid.com\/jobs\/regional-sales-representative-2\/\" >Postulez  Maintenant<\/a><\/div><a class=\"full-link\" aria-label=\"Repr\u00e9sentant Commercial B2B\" href=\"https:\/\/sourcerapid.com\/jobs\/regional-sales-representative-2\/\"> <\/a><\/div><div class=\"nectar-hor-list-item has-btn\" data-hover-effect=\"default\" data-br=\"0px\" data-font-family=\"h4\" data-color=\"accent-color\" data-columns=\"3\" data-column-layout=\"large_first\"><div class=\"nectar-list-item\" data-icon=\"false\" data-text-align=\"left\">Repr\u00e9sentant Commercial B2B<\/div><div class=\"nectar-list-item\" data-text-align=\"left\">In Banjul, Gambia<\/div><div class=\"nectar-list-item\" data-text-align=\"right\"><a class=\"nectar-list-item-btn\" href=\"https:\/\/sourcerapid.com\/jobs\/regional-sales-representative\/\" >Postulez  Maintenant<\/a><\/div><a class=\"full-link\" aria-label=\"Repr\u00e9sentant Commercial B2B\" href=\"https:\/\/sourcerapid.com\/jobs\/regional-sales-representative\/\"> <\/a><\/div><div class=\"nectar-hor-list-item has-btn\" data-hover-effect=\"default\" data-br=\"0px\" data-font-family=\"h4\" data-color=\"accent-color\" data-columns=\"3\" data-column-layout=\"large_first\"><div class=\"nectar-list-item\" data-icon=\"false\" data-text-align=\"left\">Repr\u00e9sentant Commercial B2B<\/div><div class=\"nectar-list-item\" data-text-align=\"left\">\u00c0 Niamey, au Niger | \u00c0 distance<\/div><div class=\"nectar-list-item\" data-text-align=\"right\"><a class=\"nectar-list-item-btn\" href=\"\" >Postulez  Maintenant<\/a><\/div><\/div><div class=\"nectar-hor-list-item has-btn\" data-hover-effect=\"default\" data-br=\"0px\" data-font-family=\"h4\" data-color=\"accent-color\" data-columns=\"3\" data-column-layout=\"large_first\"><div class=\"nectar-list-item\" data-icon=\"false\" data-text-align=\"left\">Repr\u00e9sentant Commercial B2B<\/div><div class=\"nectar-list-item\" data-text-align=\"left\">\u00c0 Kinshasa, Congo | \u00c0 distance<\/div><div class=\"nectar-list-item\" data-text-align=\"right\"><a class=\"nectar-list-item-btn\" href=\"\" >Postulez  Maintenant<\/a><\/div><\/div><div class=\"nectar-hor-list-item has-btn\" data-hover-effect=\"default\" data-br=\"0px\" data-font-family=\"h4\" data-color=\"accent-color\" data-columns=\"3\" data-column-layout=\"large_first\"><div class=\"nectar-list-item\" data-icon=\"false\" data-text-align=\"left\">Repr\u00e9sentant Commercial B2B<\/div><div class=\"nectar-list-item\" data-text-align=\"left\">\u00c0 Brazzaville, au Congo | \u00c0 distance<\/div><div class=\"nectar-list-item\" data-text-align=\"right\"><a class=\"nectar-list-item-btn\" href=\"\" >Postulez  Maintenant<\/a><\/div><\/div>\n\t\t<\/div> \n\t<\/div>\n\t<\/div> \n<\/div><\/div>\n\t\t\t<\/div> \n\t\t<\/div>\n\t<\/div> \n<\/div><\/div>","protected":false},"excerpt":{"rendered":"Bamako, Mali Rue 321 Ord 200 N\u2019Golonina, Pr\u00e8s T4131, 91096, Bamako, Mali export@sourcerapid.com Get Directions Dakar, Senegal Medina, Rue 27 x Blaise Diagne, 10500, Dakar,\u00a0 Senegal export@sourcerapid.com Get Directions Get...","protected":false},"author":1,"featured_media":0,"parent":0,"menu_order":0,"comment_status":"closed","ping_status":"closed","template":"","meta":{"_acf_changed":false,"footnotes":""},"class_list":["post-6620","page","type-page","status-publish"],"acf":[],"_links":{"self":[{"href":"https:\/\/sourcerapid.com\/fr\/wp-json\/wp\/v2\/pages\/6620","targetHints":{"allow":["GET"]}}],"collection":[{"href":"https:\/\/sourcerapid.com\/fr\/wp-json\/wp\/v2\/pages"}],"about":[{"href":"https:\/\/sourcerapid.com\/fr\/wp-json\/wp\/v2\/types\/page"}],"author":[{"embeddable":true,"href":"https:\/\/sourcerapid.com\/fr\/wp-json\/wp\/v2\/users\/1"}],"replies":[{"embeddable":true,"href":"https:\/\/sourcerapid.com\/fr\/wp-json\/wp\/v2\/comments?post=6620"}],"version-history":[{"count":75,"href":"https:\/\/sourcerapid.com\/fr\/wp-json\/wp\/v2\/pages\/6620\/revisions"}],"predecessor-version":[{"id":8811,"href":"https:\/\/sourcerapid.com\/fr\/wp-json\/wp\/v2\/pages\/6620\/revisions\/8811"}],"wp:attachment":[{"href":"https:\/\/sourcerapid.com\/fr\/wp-json\/wp\/v2\/media?parent=6620"}],"curies":[{"name":"wp","href":"https:\/\/api.w.org\/{rel}","templated":true}]}}